{"id":982,"date":"2025-06-04T19:36:36","date_gmt":"2025-06-04T19:36:36","guid":{"rendered":"https:\/\/sitesinfoco.com.br\/espacoludicaepensar\/?page_id=982"},"modified":"2025-10-08T17:31:33","modified_gmt":"2025-10-08T17:31:33","slug":"nossa-historia","status":"publish","type":"page","link":"https:\/\/sitesinfoco.com.br\/espacoludicoepensar\/nossa-historia\/","title":{"rendered":"Nossa Hist\u00f3ria"},"content":{"rendered":"\t\t<div data-elementor-type=\"wp-page\" data-elementor-id=\"982\" class=\"elementor elementor-982\">\n\t\t\t\t<div class=\"has_eae_slider elementor-element elementor-element-554c041 e-flex e-con-boxed e-con e-parent\" data-id=\"554c041\" data-element_type=\"container\">\n\t\t\t\t\t<div class=\"e-con-inner\">\n\t\t<div class=\"has_eae_slider elementor-element elementor-element-40e0b13 e-con-full e-flex e-con e-child\" data-id=\"40e0b13\" data-element_type=\"container\">\n\t\t\t\t<div class=\"elementor-element elementor-element-f222720 eael-dual-header-content-align-left eael-dual-header-content-mobile-align-center elementor-widget elementor-widget-eael-dual-color-header\" data-id=\"f222720\" data-element_type=\"widget\" data-widget_type=\"eael-dual-color-header.default\">\n\t\t\t\t<div class=\"elementor-widget-container\">\n\t\t\t\t\t\t\t\t<div class=\"eael-dual-header\">\n\t\t\t\t<h2 class=\"title eael-dch-title\"><span class=\"eael-dch-title-text eael-dch-title-lead lead solid-color\">Nossa<\/span> <span class=\"eael-dch-title-text\">Hist\u00f3ria<\/span><\/h2>\t\t\t\t\t<span class=\"subtext\"><p>Mais de 20 anos educando crian\u00e7as e formando cidad\u00e3os conscientes.<\/p><\/span>\n\t\t\t\t\t\t\t<\/div>\n\n\t\t\t\t\t\t<\/div>\n\t\t\t\t<\/div>\n\t\t\t\t<div class=\"elementor-element elementor-element-b595b43 elementor-widget elementor-widget-text-editor\" data-id=\"b595b43\" data-element_type=\"widget\" data-widget_type=\"text-editor.default\">\n\t\t\t\t<div class=\"elementor-widget-container\">\n\t\t\t\t\t\t\t\t\t<div id=\"comp-lbvnblr1\" class=\"HcOXKn c9GqVL QxJLC3 lq2cno YQcXTT comp-lbvnblr1 wixui-rich-text\" data-testid=\"richTextElement\"><p class=\"font_8 wixui-rich-text__text\"><span class=\"wixui-rich-text__text\">Em 22 de fevereiro de 1999, nasceu o Espa\u00e7o L\u00fadico, com a inten\u00e7\u00e3o de acolher crian\u00e7as e adolescentes no per\u00edodo oposto \u00e0 escola regular. Com o passar do tempo e as frequentes solicita\u00e7\u00f5es das fam\u00edlias, o Espa\u00e7o L\u00fadico tornou-se Ber\u00e7\u00e1rio e Escola de Educa\u00e7\u00e3o Infantil e est\u00e1 h\u00e1 mais de 20 anos na zona Oeste de S\u00e3o Paulo, tornando-se refer\u00eancia neste segmento.<\/span><\/p><p class=\"font_8 wixui-rich-text__text\"><span class=\"wixui-rich-text__text\">Para continuar contribuindo com a forma\u00e7\u00e3o integral de nossos alunos da Educa\u00e7\u00e3o Infantil, o Espa\u00e7o Pensar nasce em 2020 e mesmo em meio a uma pandemia mundial, alfabetizou todos os alunos do 1\u00ba ano, come\u00e7ando sua jornada com for\u00e7a, criatividade e sucesso.<\/span><\/p><p class=\"font_8 wixui-rich-text__text\"><span class=\"wixui-rich-text__text\"><span data-slate-fragment=\"JTVCJTdCJTIydHlwZSUyMiUzQSUyMnAlMjIlMkMlMjJjaGlsZHJlbiUyMiUzQSU1QiU3QiUyMnRleHQlMjIlM0ElMjJIb2plJTJDJTIwbm9zc2FzJTIwZXNjb2xhcyUyMGZvcm1hbSUyMHVtJTIwY29uanVudG8lMjBlZHVjYWNpb25hbCUyMGNvbXBsZXRvJTJDJTIwb2ZlcmVjZW5kbyUyMHVtYSUyMGpvcm5hZGElMjBpbnRlZ3JhZGElMjBkbyUyMGJlciVDMyVBNyVDMyVBMXJpbyUyMGFvJTIwZW5zaW5vJTIwZnVuZGFtZW50YWwuJTIyJTdEJTVEJTdEJTVE\">Hoje, nossas escolas formam um conjunto educacional completo, oferecendo uma jornada integrada do Ber\u00e7\u00e1rio ao Ensino Fundamental.<\/span><\/span><\/p><p class=\"font_8 wixui-rich-text__text\"><span class=\"wixui-rich-text__text\">Nascemos do sonho de modificar o mundo por meio da a\u00e7\u00e3o educativa na primeira inf\u00e2ncia, fase mais importante da forma\u00e7\u00e3o da personalidade, base para o desenvolvimento social, intelectual, emocional e f\u00edsico.<\/span><\/p><\/div><div id=\"comp-llfikvy8\" class=\"HcOXKn c9GqVL QxJLC3 lq2cno YQcXTT comp-llfikvy8 wixui-rich-text\" data-testid=\"richTextElement\"><p class=\"font_8 wixui-rich-text__text\"><span class=\"wixui-rich-text__text\">O Espa\u00e7o L\u00fadico e o Espa\u00e7o Pensar s\u00e3o escolas acolhedoras, formadas por uma equipe comprometida, din\u00e2mica, \u00e9tica, atenta aos sinais dos tempos e da evolu\u00e7\u00e3o social. Tratamos os assuntos com seriedade, clareza e transpar\u00eancia, valorizando o di\u00e1logo e as rela\u00e7\u00f5es interpessoais com as fam\u00edlias, crian\u00e7as e equipe.<\/span><\/p><p class=\"font_8 wixui-rich-text__text\"><span class=\"wixui-rich-text__text\">O afeto permeia nossas a\u00e7\u00f5es. As crian\u00e7as ser\u00e3o apresentadas ao mundo, tendo a escola como ve\u00edculo, assim, nossa inten\u00e7\u00e3o \u00e9 que se sintam protegidas, acolhidas e confiantes, diante dos desafios que a vida prop\u00f5e, sem perder o significado e a ess\u00eancia da inf\u00e2ncia.<\/span><\/p><p class=\"font_8 wixui-rich-text__text\"><span class=\"wixui-rich-text__text\">Nossas viv\u00eancias acontecem em um espa\u00e7o f\u00edsico cuidadosamente composto e estruturado para valorizar e estimular as habilidades necess\u00e1rias desde o primeiro ciclo da Educa\u00e7\u00e3o B\u00e1sica at\u00e9 o Ensino Fundamental.<\/span><\/p><p class=\"font_8 wixui-rich-text__text\"><span class=\"wixui-rich-text__text\">A aprendizagem ocorre de maneira l\u00fadica, divertida e reflexiva, respeitando tanto as individualidades dos alunos quanto seu ritmo de desenvolvimento e aspectos emocionais.<\/span><\/p><\/div>\t\t\t\t\t\t\t\t<\/div>\n\t\t\t\t<\/div>\n\t\t\t\t<div class=\"elementor-element elementor-element-72d3b68 elementor-hidden-desktop elementor-hidden-tablet elementor-arrows-position-inside elementor-widget elementor-widget-image-carousel\" data-id=\"72d3b68\" data-element_type=\"widget\" data-settings=\"{&quot;slides_to_show_mobile&quot;:&quot;2&quot;,&quot;slides_to_scroll_mobile&quot;:&quot;1&quot;,&quot;navigation&quot;:&quot;arrows&quot;,&quot;image_spacing_custom_mobile&quot;:{&quot;unit&quot;:&quot;px&quot;,&quot;size&quot;:15,&quot;sizes&quot;:[]},&quot;autoplay&quot;:&quot;yes&quot;,&quot;pause_on_hover&quot;:&quot;yes&quot;,&quot;pause_on_interaction&quot;:&quot;yes&quot;,&quot;autoplay_speed&quot;:5000,&quot;infinite&quot;:&quot;yes&quot;,&quot;speed&quot;:500,&quot;image_spacing_custom&quot;:{&quot;unit&quot;:&quot;px&quot;,&quot;size&quot;:20,&quot;sizes&quot;:[]},&quot;image_spacing_custom_tablet&quot;:{&quot;unit&quot;:&quot;px&quot;,&quot;size&quot;:&quot;&quot;,&quot;sizes&quot;:[]}}\" data-widget_type=\"image-carousel.default\">\n\t\t\t\t<div class=\"elementor-widget-container\">\n\t\t\t\t\t\t\t<div class=\"elementor-image-carousel-wrapper swiper\" role=\"region\" aria-roledescription=\"carousel\" aria-label=\"Carrossel de imagens\" dir=\"ltr\">\n\t\t\t<div class=\"elementor-image-carousel swiper-wrapper\" aria-live=\"off\">\n\t\t\t\t\t\t\t\t<div class=\"swiper-slide\" role=\"group\" aria-roledescription=\"slide\" aria-label=\"1 de 7\"><figure class=\"swiper-slide-inner\"><img decoding=\"async\" class=\"swiper-slide-image\" src=\"https:\/\/sitesinfoco.com.br\/espacoludicoepensar\/wp-content\/uploads\/elementor\/thumbs\/estrutura-pensar-2-r6l11yov78vpx9k0edst12ndry5ket5l6xvjchwyxc.jpeg\" alt=\"estrutura-pensar (2)\" \/><\/figure><\/div><div class=\"swiper-slide\" role=\"group\" aria-roledescription=\"slide\" aria-label=\"2 de 7\"><figure class=\"swiper-slide-inner\"><img decoding=\"async\" class=\"swiper-slide-image\" src=\"https:\/\/sitesinfoco.com.br\/espacoludicoepensar\/wp-content\/uploads\/elementor\/thumbs\/estrutura-pensar-4-r6l12o2ibrugmqj5a6rqee8ttcoh6mycafhnayvc9c.jpeg\" alt=\"estrutura-pensar (4)\" \/><\/figure><\/div><div class=\"swiper-slide\" role=\"group\" aria-roledescription=\"slide\" aria-label=\"3 de 7\"><figure class=\"swiper-slide-inner\"><img decoding=\"async\" class=\"swiper-slide-image\" src=\"https:\/\/sitesinfoco.com.br\/espacoludicoepensar\/wp-content\/uploads\/elementor\/thumbs\/IMG_1537-scaled-r6l0wz5oxw1ybqssiq72atycbcqgkmcuu99sonb5xs.jpeg\" alt=\"IMG_1537\" \/><\/figure><\/div><div class=\"swiper-slide\" role=\"group\" aria-roledescription=\"slide\" aria-label=\"4 de 7\"><figure class=\"swiper-slide-inner\"><img decoding=\"async\" class=\"swiper-slide-image\" src=\"https:\/\/sitesinfoco.com.br\/espacoludicoepensar\/wp-content\/uploads\/elementor\/thumbs\/IMG_1463-scaled-r6l0jopub7v0683r4hdyjoopy88mqolhch7net0jww.jpeg\" alt=\"IMG_1463\" \/><\/figure><\/div><div class=\"swiper-slide\" role=\"group\" aria-roledescription=\"slide\" aria-label=\"5 de 7\"><figure class=\"swiper-slide-inner\"><img decoding=\"async\" class=\"swiper-slide-image\" src=\"https:\/\/sitesinfoco.com.br\/espacoludicoepensar\/wp-content\/uploads\/elementor\/thumbs\/IMG_1484-scaled-r6l0ljgdsged2jetas8gypug4l3ox6yf9nj4hg9ln4.jpeg\" alt=\"IMG_1484\" \/><\/figure><\/div><div class=\"swiper-slide\" role=\"group\" aria-roledescription=\"slide\" aria-label=\"6 de 7\"><figure class=\"swiper-slide-inner\"><img decoding=\"async\" class=\"swiper-slide-image\" src=\"https:\/\/sitesinfoco.com.br\/espacoludicoepensar\/wp-content\/uploads\/elementor\/thumbs\/IMG_1379-scaled-r6kzyfl7s2rlnmz58ann61riekzup27z3a6erkj0ls.jpeg\" alt=\"IMG_1379\" \/><\/figure><\/div><div class=\"swiper-slide\" role=\"group\" aria-roledescription=\"slide\" aria-label=\"7 de 7\"><figure class=\"swiper-slide-inner\"><img decoding=\"async\" class=\"swiper-slide-image\" src=\"https:\/\/sitesinfoco.com.br\/espacoludicoepensar\/wp-content\/uploads\/elementor\/thumbs\/IMG_1373-scaled-r6kzulexvfig8yjun4xhhimr2xww9jzfkaa17w7w0g.jpeg\" alt=\"IMG_1373\" \/><\/figure><\/div>\t\t\t<\/div>\n\t\t\t\t\t\t\t\t\t\t\t\t<div class=\"elementor-swiper-button elementor-swiper-button-prev\" role=\"button\" tabindex=\"0\">\n\t\t\t\t\t\t<svg aria-hidden=\"true\" class=\"e-font-icon-svg e-eicon-chevron-left\" viewBox=\"0 0 1000 1000\" xmlns=\"http:\/\/www.w3.org\/2000\/svg\"><path d=\"M646 125C629 125 613 133 604 142L308 442C296 454 292 471 292 487 292 504 296 521 308 533L604 854C617 867 629 875 646 875 663 875 679 871 692 858 704 846 713 829 713 812 713 796 708 779 692 767L438 487 692 225C700 217 708 204 708 187 708 171 704 154 692 142 675 129 663 125 646 125Z\"><\/path><\/svg>\t\t\t\t\t<\/div>\n\t\t\t\t\t<div class=\"elementor-swiper-button elementor-swiper-button-next\" role=\"button\" tabindex=\"0\">\n\t\t\t\t\t\t<svg aria-hidden=\"true\" class=\"e-font-icon-svg e-eicon-chevron-right\" viewBox=\"0 0 1000 1000\" xmlns=\"http:\/\/www.w3.org\/2000\/svg\"><path d=\"M696 533C708 521 713 504 713 487 713 471 708 454 696 446L400 146C388 133 375 125 354 125 338 125 325 129 313 142 300 154 292 171 292 187 292 204 296 221 308 233L563 492 304 771C292 783 288 800 288 817 288 833 296 850 308 863 321 871 338 875 354 875 371 875 388 867 400 854L696 533Z\"><\/path><\/svg>\t\t\t\t\t<\/div>\n\t\t\t\t\n\t\t\t\t\t\t\t\t\t<\/div>\n\t\t\t\t\t\t<\/div>\n\t\t\t\t<\/div>\n\t\t\t\t<\/div>\n\t\t<div class=\"has_eae_slider elementor-element elementor-element-18e8f4f e-con-full e-flex e-con e-child\" data-id=\"18e8f4f\" data-element_type=\"container\">\n\t\t\t\t<div class=\"elementor-element elementor-element-a9b075e elementor-widget__width-auto elementor-hidden-mobile elementor-widget elementor-widget-image\" data-id=\"a9b075e\" data-element_type=\"widget\" data-widget_type=\"image.default\">\n\t\t\t\t<div class=\"elementor-widget-container\">\n\t\t\t\t\t\t\t\t\t\t\t\t\t\t\t<img decoding=\"async\" src=\"https:\/\/sitesinfoco.com.br\/espacoludicoepensar\/wp-content\/uploads\/elementor\/thumbs\/estrutura-pensar-2-r6l11yovg0nmr49h1uiqu3u2enaijmz184u6t16vvo.jpeg\" title=\"estrutura-pensar (2)\" alt=\"estrutura-pensar (2)\" loading=\"lazy\" \/>\t\t\t\t\t\t\t\t\t\t\t\t\t\t\t<\/div>\n\t\t\t\t<\/div>\n\t\t\t\t<div class=\"elementor-element elementor-element-449f01e elementor-widget__width-auto elementor-hidden-mobile elementor-widget elementor-widget-image\" data-id=\"449f01e\" data-element_type=\"widget\" data-widget_type=\"image.default\">\n\t\t\t\t<div class=\"elementor-widget-container\">\n\t\t\t\t\t\t\t\t\t\t\t\t\t\t\t<img decoding=\"async\" src=\"https:\/\/sitesinfoco.com.br\/espacoludicoepensar\/wp-content\/uploads\/elementor\/thumbs\/IMG_1443-scaled-r6l09z1y4k4myp6uc1amh6rynq358whl6i7j5puh88.jpeg\" title=\"IMG_1443\" alt=\"IMG_1443\" loading=\"lazy\" \/>\t\t\t\t\t\t\t\t\t\t\t\t\t\t\t<\/div>\n\t\t\t\t<\/div>\n\t\t\t\t<div class=\"elementor-element elementor-element-27b2280 elementor-widget__width-auto elementor-hidden-mobile elementor-widget elementor-widget-image\" data-id=\"27b2280\" data-element_type=\"widget\" data-widget_type=\"image.default\">\n\t\t\t\t<div class=\"elementor-widget-container\">\n\t\t\t\t\t\t\t\t\t\t\t\t\t\t\t<img decoding=\"async\" src=\"https:\/\/sitesinfoco.com.br\/espacoludicoepensar\/wp-content\/uploads\/elementor\/thumbs\/IMG_1484-scaled-r6l0ljgf0b6sojkjpp3n2sot5xbbky655g4amuqto8.jpeg\" title=\"IMG_1484\" alt=\"IMG_1484\" loading=\"lazy\" \/>\t\t\t\t\t\t\t\t\t\t\t\t\t\t\t<\/div>\n\t\t\t\t<\/div>\n\t\t\t\t<div class=\"elementor-element elementor-element-3789676 elementor-widget__width-auto elementor-hidden-mobile elementor-widget elementor-widget-image\" data-id=\"3789676\" data-element_type=\"widget\" data-widget_type=\"image.default\">\n\t\t\t\t<div class=\"elementor-widget-container\">\n\t\t\t\t\t\t\t\t\t\t\t\t\t\t\t<img decoding=\"async\" src=\"https:\/\/sitesinfoco.com.br\/espacoludicoepensar\/wp-content\/uploads\/elementor\/thumbs\/estrutura-pensar-5-r6l12srp9y0w8scbiqsv8v24sa1b94gzz2r2pcode8.jpeg\" title=\"estrutura-pensar (5)\" alt=\"estrutura-pensar (5)\" loading=\"lazy\" \/>\t\t\t\t\t\t\t\t\t\t\t\t\t\t\t<\/div>\n\t\t\t\t<\/div>\n\t\t\t\t<\/div>\n\t\t\t\t\t<\/div>\n\t\t\t\t<\/div>\n\t\t<div class=\"has_eae_slider elementor-element elementor-element-3f9f8c2 e-flex e-con-boxed e-con e-parent\" data-id=\"3f9f8c2\" data-element_type=\"container\" data-settings=\"{&quot;background_background&quot;:&quot;classic&quot;,&quot;shape_divider_top&quot;:&quot;waves&quot;}\">\n\t\t\t\t\t<div class=\"e-con-inner\">\n\t\t\t\t<div class=\"elementor-shape elementor-shape-top\" aria-hidden=\"true\" data-negative=\"false\">\n\t\t\t<svg xmlns=\"http:\/\/www.w3.org\/2000\/svg\" viewBox=\"0 0 1000 100\" preserveAspectRatio=\"none\">\n\t<path class=\"elementor-shape-fill\" d=\"M421.9,6.5c22.6-2.5,51.5,0.4,75.5,5.3c23.6,4.9,70.9,23.5,100.5,35.7c75.8,32.2,133.7,44.5,192.6,49.7\n\tc23.6,2.1,48.7,3.5,103.4-2.5c54.7-6,106.2-25.6,106.2-25.6V0H0v30.3c0,0,72,32.6,158.4,30.5c39.2-0.7,92.8-6.7,134-22.4\n\tc21.2-8.1,52.2-18.2,79.7-24.2C399.3,7.9,411.6,7.5,421.9,6.5z\"\/>\n<\/svg>\t\t<\/div>\n\t\t<div class=\"has_eae_slider elementor-element elementor-element-4cf2ab1 e-con-full e-flex e-con e-child\" data-id=\"4cf2ab1\" data-element_type=\"container\">\n\t\t<div class=\"has_eae_slider elementor-element elementor-element-00068ee e-con-full e-flex e-con e-child\" data-id=\"00068ee\" data-element_type=\"container\">\n\t\t<div class=\"has_eae_slider elementor-element elementor-element-57d8ee3 e-con-full e-flex e-con e-child\" data-id=\"57d8ee3\" data-element_type=\"container\">\n\t\t\t\t<div class=\"elementor-element elementor-element-895661b elementor-widget elementor-widget-icon-box\" data-id=\"895661b\" data-element_type=\"widget\" data-widget_type=\"icon-box.default\">\n\t\t\t\t<div class=\"elementor-widget-container\">\n\t\t\t\t\t\t\t<div class=\"elementor-icon-box-wrapper\">\n\n\t\t\t\n\t\t\t\t\t\t<div class=\"elementor-icon-box-content\">\n\n\t\t\t\t\t\t\t\t\t<h3 class=\"elementor-icon-box-title\">\n\t\t\t\t\t\t<span  >\n\t\t\t\t\t\t\tMiss\u00e3o\t\t\t\t\t\t<\/span>\n\t\t\t\t\t<\/h3>\n\t\t\t\t\n\t\t\t\t\t\t\t\t\t<p class=\"elementor-icon-box-description\">\n\t\t\t\t\t\tProporcionar uma educa\u00e7\u00e3o transformadora que respeite as individualidades, estimule o protagonismo e forme cidad\u00e3os aut\u00f4nomos, cr\u00edticos e conscientes de seu papel na sociedade.\t\t\t\t\t<\/p>\n\t\t\t\t\n\t\t\t<\/div>\n\t\t\t\n\t\t<\/div>\n\t\t\t\t\t\t<\/div>\n\t\t\t\t<\/div>\n\t\t\t\t<\/div>\n\t\t<div class=\"has_eae_slider elementor-element elementor-element-e853106 e-con-full e-flex e-con e-child\" data-id=\"e853106\" data-element_type=\"container\">\n\t\t\t\t<div class=\"elementor-element elementor-element-da64e37 elementor-widget elementor-widget-icon-box\" data-id=\"da64e37\" data-element_type=\"widget\" data-widget_type=\"icon-box.default\">\n\t\t\t\t<div class=\"elementor-widget-container\">\n\t\t\t\t\t\t\t<div class=\"elementor-icon-box-wrapper\">\n\n\t\t\t\n\t\t\t\t\t\t<div class=\"elementor-icon-box-content\">\n\n\t\t\t\t\t\t\t\t\t<h3 class=\"elementor-icon-box-title\">\n\t\t\t\t\t\t<span  >\n\t\t\t\t\t\t\tVis\u00e3o\t\t\t\t\t\t<\/span>\n\t\t\t\t\t<\/h3>\n\t\t\t\t\n\t\t\t\t\t\t\t\t\t<p class=\"elementor-icon-box-description\">\n\t\t\t\t\t\tSer refer\u00eancia em educa\u00e7\u00e3o integrada, reconhecida pela excel\u00eancia pedag\u00f3gica e social da crian\u00e7a de 4 meses a 14 anos. <br><br><br>\t\t\t\t\t<\/p>\n\t\t\t\t\n\t\t\t<\/div>\n\t\t\t\n\t\t<\/div>\n\t\t\t\t\t\t<\/div>\n\t\t\t\t<\/div>\n\t\t\t\t<\/div>\n\t\t\t\t<\/div>\n\t\t<div class=\"has_eae_slider elementor-element elementor-element-9244e94 e-con-full e-flex e-con e-child\" data-id=\"9244e94\" data-element_type=\"container\">\n\t\t\t\t<div class=\"elementor-element elementor-element-3d07d2e elementor-widget elementor-widget-icon-box\" data-id=\"3d07d2e\" data-element_type=\"widget\" data-widget_type=\"icon-box.default\">\n\t\t\t\t<div class=\"elementor-widget-container\">\n\t\t\t\t\t\t\t<div class=\"elementor-icon-box-wrapper\">\n\n\t\t\t\n\t\t\t\t\t\t<div class=\"elementor-icon-box-content\">\n\n\t\t\t\t\t\t\t\t\t<h3 class=\"elementor-icon-box-title\">\n\t\t\t\t\t\t<span  >\n\t\t\t\t\t\t\tValores\t\t\t\t\t\t<\/span>\n\t\t\t\t\t<\/h3>\n\t\t\t\t\n\t\t\t\t\t\t\t\t\t<p class=\"elementor-icon-box-description\">\n\t\t\t\t\t\tRespeito \u00e0s individualidades, Aprendizagem significativa, Afetividade, Autonomia,\nCriatividade, Colabora\u00e7\u00e3o e Responsabilidade socioambiental.\t\t\t\t\t<\/p>\n\t\t\t\t\n\t\t\t<\/div>\n\t\t\t\n\t\t<\/div>\n\t\t\t\t\t\t<\/div>\n\t\t\t\t<\/div>\n\t\t\t\t<\/div>\n\t\t\t\t<\/div>\n\t\t<div class=\"has_eae_slider elementor-element elementor-element-c706a8d e-con-full e-flex e-con e-child\" data-id=\"c706a8d\" data-element_type=\"container\">\n\t\t\t\t<div class=\"elementor-element elementor-element-9c1de8c animated-slow elementor-invisible elementor-widget elementor-widget-image\" data-id=\"9c1de8c\" data-element_type=\"widget\" data-settings=\"{&quot;_animation&quot;:&quot;slideInUp&quot;}\" data-widget_type=\"image.default\">\n\t\t\t\t<div class=\"elementor-widget-container\">\n\t\t\t\t\t\t\t\t\t\t\t\t\t\t\t<img fetchpriority=\"high\" decoding=\"async\" width=\"800\" height=\"800\" src=\"https:\/\/sitesinfoco.com.br\/espacoludicoepensar\/wp-content\/uploads\/2025\/10\/imagem-site-026-1024x1024.jpg\" class=\"attachment-large size-large wp-image-2839\" alt=\"\" srcset=\"https:\/\/sitesinfoco.com.br\/espacoludicoepensar\/wp-content\/uploads\/2025\/10\/imagem-site-026-1024x1024.jpg 1024w, https:\/\/sitesinfoco.com.br\/espacoludicoepensar\/wp-content\/uploads\/2025\/10\/imagem-site-026-300x300.jpg 300w, https:\/\/sitesinfoco.com.br\/espacoludicoepensar\/wp-content\/uploads\/2025\/10\/imagem-site-026-150x150.jpg 150w, https:\/\/sitesinfoco.com.br\/espacoludicoepensar\/wp-content\/uploads\/2025\/10\/imagem-site-026-768x768.jpg 768w, https:\/\/sitesinfoco.com.br\/espacoludicoepensar\/wp-content\/uploads\/2025\/10\/imagem-site-026.jpg 1200w\" sizes=\"(max-width: 800px) 100vw, 800px\" \/>\t\t\t\t\t\t\t\t\t\t\t\t\t\t\t<\/div>\n\t\t\t\t<\/div>\n\t\t\t\t<\/div>\n\t\t\t\t\t<\/div>\n\t\t\t\t<\/div>\n\t\t\t\t<\/div>\n\t\t","protected":false},"excerpt":{"rendered":"<p>Nossa Hist\u00f3ria Mais de 20 anos educando crian\u00e7as e formando cidad\u00e3os conscientes. Em 22 de fevereiro de 1999, nasceu o Espa\u00e7o L\u00fadico, com a inten\u00e7\u00e3o de acolher crian\u00e7as e adolescentes no per\u00edodo oposto \u00e0 escola regular. Com o passar do tempo e as frequentes solicita\u00e7\u00f5es das fam\u00edlias, o Espa\u00e7o L\u00fadico tornou-se Ber\u00e7\u00e1rio e Escola de [&hellip;]<\/p>\n","protected":false},"author":1,"featured_media":0,"parent":0,"menu_order":0,"comment_status":"closed","ping_status":"closed","template":"elementor_canvas","meta":{"footnotes":""},"class_list":["post-982","page","type-page","status-publish","hentry"],"_links":{"self":[{"href":"https:\/\/sitesinfoco.com.br\/espacoludicoepensar\/wp-json\/wp\/v2\/pages\/982","targetHints":{"allow":["GET"]}}],"collection":[{"href":"https:\/\/sitesinfoco.com.br\/espacoludicoepensar\/wp-json\/wp\/v2\/pages"}],"about":[{"href":"https:\/\/sitesinfoco.com.br\/espacoludicoepensar\/wp-json\/wp\/v2\/types\/page"}],"author":[{"embeddable":true,"href":"https:\/\/sitesinfoco.com.br\/espacoludicoepensar\/wp-json\/wp\/v2\/users\/1"}],"replies":[{"embeddable":true,"href":"https:\/\/sitesinfoco.com.br\/espacoludicoepensar\/wp-json\/wp\/v2\/comments?post=982"}],"version-history":[{"count":139,"href":"https:\/\/sitesinfoco.com.br\/espacoludicoepensar\/wp-json\/wp\/v2\/pages\/982\/revisions"}],"predecessor-version":[{"id":2853,"href":"https:\/\/sitesinfoco.com.br\/espacoludicoepensar\/wp-json\/wp\/v2\/pages\/982\/revisions\/2853"}],"wp:attachment":[{"href":"https:\/\/sitesinfoco.com.br\/espacoludicoepensar\/wp-json\/wp\/v2\/media?parent=982"}],"curies":[{"name":"wp","href":"https:\/\/api.w.org\/{rel}","templated":true}]}}