{"id":1664,"date":"2025-06-11T18:51:21","date_gmt":"2025-06-11T18:51:21","guid":{"rendered":"https:\/\/sitesinfoco.com.br\/espacoludicoepensar\/?page_id=1664"},"modified":"2025-06-11T18:57:33","modified_gmt":"2025-06-11T18:57:33","slug":"pixel-whatsapp","status":"publish","type":"page","link":"https:\/\/sitesinfoco.com.br\/espacoludicoepensar\/pixel-whatsapp\/","title":{"rendered":"Pixel WhatsApp"},"content":{"rendered":"\t\t<div data-elementor-type=\"wp-page\" data-elementor-id=\"1664\" class=\"elementor elementor-1664\">\n\t\t\t\t<div class=\"has_eae_slider elementor-element elementor-element-b68c8f4 e-flex e-con-boxed e-con e-parent\" data-id=\"b68c8f4\" data-element_type=\"container\">\n\t\t\t\t\t<div class=\"e-con-inner\">\n\t\t\t\t<div class=\"elementor-element elementor-element-b88738c elementor-widget elementor-widget-image\" data-id=\"b88738c\" data-element_type=\"widget\" data-widget_type=\"image.default\">\n\t\t\t\t<div class=\"elementor-widget-container\">\n\t\t\t\t\t\t\t\t\t\t\t\t\t\t\t<img decoding=\"async\" width=\"218\" height=\"149\" src=\"https:\/\/sitesinfoco.com.br\/espacoludicoepensar\/wp-content\/uploads\/2025\/06\/loader.gif\" class=\"attachment-large size-large wp-image-1670\" alt=\"\" \/>\t\t\t\t\t\t\t\t\t\t\t\t\t\t\t<\/div>\n\t\t\t\t<\/div>\n\t\t\t\t<div class=\"elementor-element elementor-element-22a2fac elementor-widget elementor-widget-html\" data-id=\"22a2fac\" data-element_type=\"widget\" data-widget_type=\"html.default\">\n\t\t\t\t<div class=\"elementor-widget-container\">\n\t\t\t\t\t<script>\r\n  \/\/ Fun\u00e7\u00e3o para obter par\u00e2metros da URL atual\r\n  function getUrlParameter(name) {\r\n    const regex = new RegExp('[\\\\?&]' + name + '=([^&#]*)');\r\n    const results = regex.exec(window.location.search);\r\n    return results === null ? '' : decodeURIComponent(results[1].replace(\/\\+\/g, ' '));\r\n  }\r\n\r\n  \/\/ Detecta a origem do tr\u00e1fego\r\n  const referrer = document.referrer || '';\r\n  const utmSource = getUrlParameter('utm_source');\r\n  const utmCampaign = getUrlParameter('utm_campaign');\r\n\r\n  \/\/ Mensagem padr\u00e3o\r\n  let mensagemPersonalizada = 'Ol\u00e1, vim atrav\u00e9s do site e gostaria de mais informa\u00e7\u00f5es.';\r\n\r\n  \/\/ Personaliza com base na origem\r\n  if (referrer.includes('google') || utmSource === 'google') {\r\n    mensagemPersonalizada = 'Ol\u00e1, vim atrav\u00e9s do site e gostaria de mais informa\u00e7\u00f5es.';\r\n  } else if (referrer.includes('facebook') || utmSource === 'facebook') {\r\n    mensagemPersonalizada = 'Ol\u00e1, vim atrav\u00e9s do site e gostaria de mais informa\u00e7\u00f5es.';\r\n  } else if (referrer.includes('instagram') || utmSource === 'instagram') {\r\n    mensagemPersonalizada = 'Ol\u00e1, vim atrav\u00e9s do site e gostaria de mais informa\u00e7\u00f5es.';\r\n  } else if (referrer.includes('pagina-promocao') || utmCampaign === 'promocao_box') {\r\n    mensagemPersonalizada = 'Ol\u00e1, vim atrav\u00e9s do site e gostaria de mais informa\u00e7\u00f5es.';\r\n  }\r\n\r\n  \/\/ Lista de contatos do WhatsApp com eventos personalizados\r\n  const contatos = [\r\n    {\r\n      numero: '5511998363386',\r\n      eventoPixel: 'Lead_Wpp_01'\r\n    },\r\n    {\r\n      numero: '5511998363386',\r\n      eventoPixel: 'Lead_Wpp_02'\r\n    }\r\n  ];\r\n\r\n  \/\/ Sele\u00e7\u00e3o aleat\u00f3ria\r\n  const contatoEscolhido = contatos[Math.floor(Math.random() * contatos.length)];\r\n  const texto = encodeURIComponent(mensagemPersonalizada);\r\n\r\n  \/\/ Verifica se \u00e9 mobile\r\n  const isMobile = \/iPhone|Android|iPad|iPod|BlackBerry|IEMobile|Opera Mini\/i.test(navigator.userAgent);\r\n\r\n  \/\/ Monta o link\r\n  const linkWhatsApp = isMobile\r\n    ? `https:\/\/api.whatsapp.com\/send?phone=${contatoEscolhido.numero}&text=${texto}`\r\n    : `https:\/\/web.whatsapp.com\/send?phone=${contatoEscolhido.numero}&text=${texto}`;\r\n\r\n  \/\/ Dispara eventos do Facebook Pixel, se dispon\u00edvel\r\n  if (typeof fbq === 'function') {\r\n    fbq('track', 'Contact');\r\n    fbq('track', 'WhatsApp');\r\n    fbq('track', contatoEscolhido.eventoPixel);\r\n  }\r\n\r\n  \/\/ (Opcional) Evento de convers\u00e3o do Google Ads, se gtag estiver carregado\r\n  if (typeof gtag === 'function') {\r\n    gtag('event', 'conversion', {\r\n      'send_to': 'AW-CONVERSION_ID\/labelID', \/\/ Substitua pelos seus dados\r\n      'event_callback': function () {\r\n        console.log('Convers\u00e3o enviada');\r\n      }\r\n    });\r\n  }\r\n\r\n  \/\/ Redirecionamento ap\u00f3s 2 segundos\r\n  setTimeout(function () {\r\n    window.location.href = linkWhatsApp;\r\n  }, 2000);\r\n<\/script>\t\t\t\t<\/div>\n\t\t\t\t<\/div>\n\t\t\t\t\t<\/div>\n\t\t\t\t<\/div>\n\t\t\t\t<\/div>\n\t\t","protected":false},"excerpt":{"rendered":"","protected":false},"author":1,"featured_media":0,"parent":0,"menu_order":0,"comment_status":"closed","ping_status":"closed","template":"elementor_canvas","meta":{"footnotes":""},"class_list":["post-1664","page","type-page","status-publish","hentry"],"_links":{"self":[{"href":"https:\/\/sitesinfoco.com.br\/espacoludicoepensar\/wp-json\/wp\/v2\/pages\/1664","targetHints":{"allow":["GET"]}}],"collection":[{"href":"https:\/\/sitesinfoco.com.br\/espacoludicoepensar\/wp-json\/wp\/v2\/pages"}],"about":[{"href":"https:\/\/sitesinfoco.com.br\/espacoludicoepensar\/wp-json\/wp\/v2\/types\/page"}],"author":[{"embeddable":true,"href":"https:\/\/sitesinfoco.com.br\/espacoludicoepensar\/wp-json\/wp\/v2\/users\/1"}],"replies":[{"embeddable":true,"href":"https:\/\/sitesinfoco.com.br\/espacoludicoepensar\/wp-json\/wp\/v2\/comments?post=1664"}],"version-history":[{"count":7,"href":"https:\/\/sitesinfoco.com.br\/espacoludicoepensar\/wp-json\/wp\/v2\/pages\/1664\/revisions"}],"predecessor-version":[{"id":1674,"href":"https:\/\/sitesinfoco.com.br\/espacoludicoepensar\/wp-json\/wp\/v2\/pages\/1664\/revisions\/1674"}],"wp:attachment":[{"href":"https:\/\/sitesinfoco.com.br\/espacoludicoepensar\/wp-json\/wp\/v2\/media?parent=1664"}],"curies":[{"name":"wp","href":"https:\/\/api.w.org\/{rel}","templated":true}]}}